{"id":1420,"date":"2023-11-08T18:21:35","date_gmt":"2023-11-08T17:21:35","guid":{"rendered":"https:\/\/adelfuzik.com\/?post_type=product&#038;p=1420"},"modified":"2025-02-04T22:06:55","modified_gmt":"2025-02-04T21:06:55","slug":"collection-no-1","status":"publish","type":"product","link":"https:\/\/adelfuzik.com\/en\/product\/collection-no-1\/","title":{"rendered":"Z - Collection No.1"},"content":{"rendered":"<p><strong>Display Item Only!<\/strong><\/p>\n<p>Azahriah minden k\u00e9ts\u00e9get kiz\u00e1r\u00f3an napjaink legn\u00e9pszer\u0171bb magyar el\u0151ad\u00f3ja. \u0150 az els\u0151 magyar el\u0151ad\u00f3, aki megt\u00f6lt\u00f6tte a Pusk\u00e1s Ar\u00e9n\u00e1t \u00e9s tripla koncertet ad. Erre az \u00fatt\u00f6r\u00e9sre reflekt\u00e1l a design, sz\u00edneiben pedig a plak\u00e1tot id\u00e9zi. Az alap modell egy k\u00e1v\u00e9val festett Nike Dunk, ami kellemes b\u00e9zs alapot ad a cip\u0151nek.<\/p>","protected":false},"excerpt":{"rendered":"<p>&nbsp;<\/p>\n<div class=\"frame\" style=\"display: inline-flex; max-width: 100; align-items: center; justify-content: center; gap: 10px; padding: 32px; position: relative; background-color: #5f3c76b3; border: 1px solid; border-color: #5f3c76; border-radius: 25px; width: 100%; min-width: 320px; height: 90px;\">\n<p class=\"text-wrapper\" style=\"position: relative; flex: 1; font-family: 'Inter-SemiBold', Helvetica; font-weight: 600; color: #ffd796; font-size: 15px; letter-spacing: 0; line-height: normal;\">A licit nyertese az \u00e1ltala megadott cip\u0151 m\u00e9retben kapja meg a k\u00e9zzel k\u00e9sz\u00edtett custom cip\u0151t!<\/p>\n<\/div>\n<p>Azahriah minden k\u00e9ts\u00e9get kiz\u00e1r\u00f3an napjaink legn\u00e9pszer\u0171bb magyar el\u0151ad\u00f3ja. \u0150 az els\u0151 magyar el\u0151ad\u00f3, aki megt\u00f6lt\u00f6tte a Pusk\u00e1s Ar\u00e9n\u00e1t \u00e9s tripla koncertet ad. Erre az \u00fatt\u00f6r\u00e9sre reflekt\u00e1l a design, sz\u00edneiben pedig a plak\u00e1tot id\u00e9zi. Az alap modell egy k\u00e1v\u00e9val festett Nike Dunk, ami kellemes b\u00e9zs alapot ad a cip\u0151nek.<\/p>","protected":false},"featured_media":782,"comment_status":"closed","ping_status":"closed","template":"","meta":{"_acf_changed":false},"product_brand":[],"product_cat":[89],"product_tag":[],"class_list":{"0":"post-1420","1":"product","2":"type-product","3":"status-publish","4":"has-post-thumbnail","6":"product_cat-shoes","8":"first","9":"outofstock","10":"sold-individually","11":"shipping-taxable","12":"purchasable","13":"product-type-simple"},"acf":[],"_links":{"self":[{"href":"https:\/\/adelfuzik.com\/en\/wp-json\/wp\/v2\/product\/1420","targetHints":{"allow":["GET"]}}],"collection":[{"href":"https:\/\/adelfuzik.com\/en\/wp-json\/wp\/v2\/product"}],"about":[{"href":"https:\/\/adelfuzik.com\/en\/wp-json\/wp\/v2\/types\/product"}],"replies":[{"embeddable":true,"href":"https:\/\/adelfuzik.com\/en\/wp-json\/wp\/v2\/comments?post=1420"}],"wp:featuredmedia":[{"embeddable":true,"href":"https:\/\/adelfuzik.com\/en\/wp-json\/wp\/v2\/media\/782"}],"wp:attachment":[{"href":"https:\/\/adelfuzik.com\/en\/wp-json\/wp\/v2\/media?parent=1420"}],"wp:term":[{"taxonomy":"product_brand","embeddable":true,"href":"https:\/\/adelfuzik.com\/en\/wp-json\/wp\/v2\/product_brand?post=1420"},{"taxonomy":"product_cat","embeddable":true,"href":"https:\/\/adelfuzik.com\/en\/wp-json\/wp\/v2\/product_cat?post=1420"},{"taxonomy":"product_tag","embeddable":true,"href":"https:\/\/adelfuzik.com\/en\/wp-json\/wp\/v2\/product_tag?post=1420"}],"curies":[{"name":"wp","href":"https:\/\/api.w.org\/{rel}","templated":true}]}}