{"id":1426,"date":"2024-02-14T08:52:05","date_gmt":"2024-02-14T07:52:05","guid":{"rendered":"https:\/\/adelfuzik.com\/?post_type=product&#038;p=1426"},"modified":"2025-02-12T21:52:01","modified_gmt":"2025-02-12T20:52:01","slug":"walking-in-love","status":"publish","type":"product","link":"https:\/\/adelfuzik.com\/en\/product\/walking-in-love\/","title":{"rendered":"Walking In Love"},"content":{"rendered":"<p><b>If you order a two pairs of custom shoes, you will receive a discount of 15 000Ft. To activate the discount, enter #WILCOUPLE in the coupon section.<\/b><b><\/b><\/p>\n<p><b>Base:<\/b><span style=\"font-weight: 400;\"> Nike Dunk Low\/Air Force 1<\/span><\/p>\n<p><b>Custom: <\/b><span style=\"font-weight: 400;\">Fully customisable. Choose shoes, size, date, monogram and message.<\/span><\/p>\n<p><b>Sample design before each order<\/b><span style=\"font-weight: 400;\">: A completely unique, pre-approved design.<\/span><\/p>\n<p><b>Limited edition:<\/b><span style=\"font-weight: 400;\"> Walking in Love collection is available in limited quantities.<\/span><span style=\"font-weight: 400;\"><br \/>\n<\/span><span style=\"font-weight: 400;\"><br \/>\n<\/span><span style=\"font-weight: 400;\">The highlight of the collection is that the shoe design is specially created for couples to take shared photos in their custom sneakers. Every step becomes a memory, telling the story of the beautiful places you've explored together.<\/span><\/p>\n<p><span style=\"font-weight: 400;\">The Walking in Love custom collection lets you personalize your sneakers entirely. You can add your monogram, a special date that reminds you of the moment you became a couple, or any detail that makes the shoes truly yours. Let your creativity flow and leave messages for each other on the toe caps\u2014whether it\u2019s a sweet note, an inside joke, or a secret message only you two understand. <\/span><span style=\"font-weight: 400;\">When standing side by side, your sneakers can even create a conversation of their own.<\/span><\/p>\n<p><span style=\"font-weight: 400;\">Create your own love story through your sneakers, where every step opens a new chapter in your shared adventure!<\/span><\/p>\n<p><span style=\"font-weight: 400;\">Step together, always remember!<\/span><\/p>","protected":false},"excerpt":{"rendered":"<p>P\u00e1ros cip\u0151k rendel\u00e9se eset\u00e9n 15 000Ft kedvezm\u00e9nyben r\u00e9szes\u00fclt\u00f6k, amennyiben k\u00e9t p\u00e1r custom sneakert rendeltek. A kedvezm\u00e9ny aktiv\u00e1l\u00e1s\u00e1hoz \u00edrd be a kupon r\u00e9szhez, hogy #WILCOUPLE. Modell: Nike Dunk Low\/Air Force 1 Custom: Teljesen szem\u00e9lyre szabhat\u00f3. V\u00e1lassz cip\u0151t, m\u00e9retet, d\u00e1tumot, monogramot \u00e9s \u00fczenetet. Mintaterv minden megrendel\u00e9s el\u0151tt: Teljesen egyedi, el\u0151re j\u00f3v\u00e1hagyott diz\u00e1jn. Limit\u00e1lt kiad\u00e1s: A Walking in [&hellip;]<\/p>","protected":false},"featured_media":2346,"comment_status":"closed","ping_status":"closed","template":"","meta":{"_acf_changed":false},"product_brand":[],"product_cat":[89],"product_tag":[],"class_list":{"0":"post-1426","1":"product","2":"type-product","3":"status-publish","4":"has-post-thumbnail","6":"product_cat-shoes","8":"first","9":"instock","10":"shipping-taxable","11":"purchasable","12":"product-type-variable"},"acf":[],"_links":{"self":[{"href":"https:\/\/adelfuzik.com\/en\/wp-json\/wp\/v2\/product\/1426","targetHints":{"allow":["GET"]}}],"collection":[{"href":"https:\/\/adelfuzik.com\/en\/wp-json\/wp\/v2\/product"}],"about":[{"href":"https:\/\/adelfuzik.com\/en\/wp-json\/wp\/v2\/types\/product"}],"replies":[{"embeddable":true,"href":"https:\/\/adelfuzik.com\/en\/wp-json\/wp\/v2\/comments?post=1426"}],"wp:featuredmedia":[{"embeddable":true,"href":"https:\/\/adelfuzik.com\/en\/wp-json\/wp\/v2\/media\/2346"}],"wp:attachment":[{"href":"https:\/\/adelfuzik.com\/en\/wp-json\/wp\/v2\/media?parent=1426"}],"wp:term":[{"taxonomy":"product_brand","embeddable":true,"href":"https:\/\/adelfuzik.com\/en\/wp-json\/wp\/v2\/product_brand?post=1426"},{"taxonomy":"product_cat","embeddable":true,"href":"https:\/\/adelfuzik.com\/en\/wp-json\/wp\/v2\/product_cat?post=1426"},{"taxonomy":"product_tag","embeddable":true,"href":"https:\/\/adelfuzik.com\/en\/wp-json\/wp\/v2\/product_tag?post=1426"}],"curies":[{"name":"wp","href":"https:\/\/api.w.org\/{rel}","templated":true}]}}