{"id":1443,"date":"2024-10-23T18:22:22","date_gmt":"2024-10-23T16:22:22","guid":{"rendered":"https:\/\/adelfuzik.com\/?post_type=product&#038;p=1443"},"modified":"2025-03-09T22:18:32","modified_gmt":"2025-03-09T21:18:32","slug":"triple-collection","status":"publish","type":"product","link":"https:\/\/adelfuzik.com\/en\/product\/triple-collection\/","title":{"rendered":"Z"},"content":{"rendered":"<p><strong>Base: Nike Dunk Low Retro<\/strong><\/p>\n<p><span style=\"text-decoration: underline;\"><span style=\"font-weight: 400;\">A Z kollekci\u00f3s darabokb\u00f3l csak 25 darab sorsz\u00e1mmal jel\u00f6lt cip\u0151 k\u00e9sz\u00fcl!<\/span><\/span><\/p>\n<p><span style=\"font-weight: 400;\">Azahriah minden k\u00e9ts\u00e9get kiz\u00e1r\u00f3an napjaink legn\u00e9pszer\u0171bb magyar el\u0151ad\u00f3ja. \u0150 az els\u0151 magyar el\u0151ad\u00f3, aki megt\u00f6lt\u00f6tte a Pusk\u00e1s Ar\u00e9n\u00e1t \u00e9s tripla koncertet ad. Erre az \u00fatt\u00f6r\u00e9sre reflekt\u00e1l a design, sz\u00edneiben pedig a plak\u00e1tot id\u00e9zi. A k\u00e1v\u00e9val festett kellemes b\u00e9zs alapon futnak v\u00e9gig a plak\u00e1ton tal\u00e1lhat\u00f3 felh\u0151k, amit kieg\u00e9sz\u00edtenek a kis h\u0151l\u00e9gballon \u00e9s ablak elemek.<\/span><\/p>\n<p><span style=\"font-weight: 400;\">Az \u00e1r elt\u00e9rhet a cip\u0151 alap modellj\u00e9t\u0151l \u00e9s m\u00e9ret\u00e9t\u0151l. A ki\u00edrt \u00e1r Nike Dunk Low alapra vonatkozik.<\/span><span style=\"font-weight: 400;\"><br \/>\n<\/span><\/p>\n<p><b>Base:<\/b><span style=\"font-weight: 400;\"> Nike Dunk Low Retro<br \/>\n<\/span><b>Unique:<\/b><span style=\"font-weight: 400;\"> Azahriah tripla koncertje inspir\u00e1lta sneaker k\u00e1v\u00e9ba \u00e1ztatva<\/span><span style=\"font-weight: 400;\"><br \/>\n<\/span><b>Limited edition:<\/b><span style=\"font-weight: 400;\"> 25 exkluz\u00edv darab, amely t\u00f6k\u00e9letes a gy\u0171jt\u0151k sz\u00e1m\u00e1ra.<\/span><\/p>","protected":false},"excerpt":{"rendered":"<p>Modell: Nike Dunk Low Retro A Z kollekci\u00f3s darabokb\u00f3l csak 25 darab sorsz\u00e1mmal jel\u00f6lt cip\u0151 k\u00e9sz\u00fcl! Azahriah minden k\u00e9ts\u00e9get kiz\u00e1r\u00f3an napjaink legn\u00e9pszer\u0171bb magyar el\u0151ad\u00f3ja. \u0150 az els\u0151 magyar el\u0151ad\u00f3, aki megt\u00f6lt\u00f6tte a Pusk\u00e1s Ar\u00e9n\u00e1t \u00e9s tripla koncertet ad. Erre az \u00fatt\u00f6r\u00e9sre reflekt\u00e1l a design, sz\u00edneiben pedig a plak\u00e1tot id\u00e9zi. A k\u00e1v\u00e9val festett kellemes b\u00e9zs alapon [&hellip;]<\/p>","protected":false},"featured_media":2303,"comment_status":"closed","ping_status":"closed","template":"","meta":{"_acf_changed":false},"product_brand":[],"product_cat":[89],"product_tag":[],"class_list":{"0":"post-1443","1":"product","2":"type-product","3":"status-publish","4":"has-post-thumbnail","6":"product_cat-shoes","8":"first","9":"instock","10":"sold-individually","11":"shipping-taxable","12":"purchasable","13":"product-type-variable"},"acf":[],"_links":{"self":[{"href":"https:\/\/adelfuzik.com\/en\/wp-json\/wp\/v2\/product\/1443","targetHints":{"allow":["GET"]}}],"collection":[{"href":"https:\/\/adelfuzik.com\/en\/wp-json\/wp\/v2\/product"}],"about":[{"href":"https:\/\/adelfuzik.com\/en\/wp-json\/wp\/v2\/types\/product"}],"replies":[{"embeddable":true,"href":"https:\/\/adelfuzik.com\/en\/wp-json\/wp\/v2\/comments?post=1443"}],"wp:featuredmedia":[{"embeddable":true,"href":"https:\/\/adelfuzik.com\/en\/wp-json\/wp\/v2\/media\/2303"}],"wp:attachment":[{"href":"https:\/\/adelfuzik.com\/en\/wp-json\/wp\/v2\/media?parent=1443"}],"wp:term":[{"taxonomy":"product_brand","embeddable":true,"href":"https:\/\/adelfuzik.com\/en\/wp-json\/wp\/v2\/product_brand?post=1443"},{"taxonomy":"product_cat","embeddable":true,"href":"https:\/\/adelfuzik.com\/en\/wp-json\/wp\/v2\/product_cat?post=1443"},{"taxonomy":"product_tag","embeddable":true,"href":"https:\/\/adelfuzik.com\/en\/wp-json\/wp\/v2\/product_tag?post=1443"}],"curies":[{"name":"wp","href":"https:\/\/api.w.org\/{rel}","templated":true}]}}