{"id":1863,"date":"2024-10-24T13:45:30","date_gmt":"2024-10-24T11:45:30","guid":{"rendered":"https:\/\/adelfuzik.com\/?post_type=product&#038;p=1863"},"modified":"2025-03-09T22:22:40","modified_gmt":"2025-03-09T21:22:40","slug":"sunflower","status":"publish","type":"product","link":"https:\/\/adelfuzik.com\/en\/product\/sunflower\/","title":{"rendered":"Sunflower"},"content":{"rendered":"<p><span style=\"font-weight: 400;\">Az \u00e1r elt\u00e9rhet a cip\u0151 alap modellj\u00e9t\u0151l \u00e9s m\u00e9ret\u00e9t\u0151l. A ki\u00edrt \u00e1r Nike Dunk Low alapra vonatkozik.<\/span><span style=\"font-weight: 400;\"><br \/>\n<\/span><span style=\"font-weight: 400;\"><br \/>\n<\/span><span style=\"font-weight: 400;\">A Sunflower kollekci\u00f3 darabja a Nike Dunk Low alapra k\u00e9sz\u00fclt \u00e9s egy naps\u00e1rga alapba \u00e1ztatott dye-t\u00f3l kapja meg k\u00fcl\u00f6nleges alapsz\u00edn\u00e9t. Ezt eg\u00e9sz\u00edtik ki a narancss\u00e1rga napraforg\u00f3 mint\u00e1k. Az extra r\u00e9szleteket arany \u00e9s fekete strasszok adj\u00e1k, tov\u00e1bb\u00e1 a cip\u0151f\u0171z\u0151n aranysz\u00edn\u0171 napraforg\u00f3s charm d\u00edszeleg. A sziluettet a narancss\u00e1rga \u00e9s fekete dinamikus kontrasztja emeli ki. A design inspir\u00e1ci\u00f3ja Jaber rapper st\u00edlus\u00e1b\u00f3l ered. A kollekci\u00f3 b\u00e1rmilyen \u00e1ltalad v\u00e1lasztott cip\u0151 alapra elk\u00e9sz\u00edthet\u0151, hogy teljesen egyedi darabot hozz l\u00e9tre.<\/span><\/p>","protected":false},"excerpt":{"rendered":"<p>Az \u00e1r elt\u00e9rhet a cip\u0151 alap modellj\u00e9t\u0151l \u00e9s m\u00e9ret\u00e9t\u0151l. A ki\u00edrt \u00e1r Nike Dunk Low alapra vonatkozik. A Sunflower kollekci\u00f3 darabja a Nike Dunk Low alapra k\u00e9sz\u00fclt \u00e9s egy naps\u00e1rga alapba \u00e1ztatott dye-t\u00f3l kapja meg k\u00fcl\u00f6nleges alapsz\u00edn\u00e9t. Ezt eg\u00e9sz\u00edtik ki a narancss\u00e1rga napraforg\u00f3 mint\u00e1k. Az extra r\u00e9szleteket arany \u00e9s fekete strasszok adj\u00e1k, tov\u00e1bb\u00e1 a cip\u0151f\u0171z\u0151n [&hellip;]<\/p>","protected":false},"featured_media":1884,"comment_status":"closed","ping_status":"closed","template":"","meta":{"_acf_changed":false},"product_brand":[],"product_cat":[89],"product_tag":[],"class_list":{"0":"post-1863","1":"product","2":"type-product","3":"status-publish","4":"has-post-thumbnail","6":"product_cat-shoes","8":"first","9":"instock","10":"shipping-taxable","11":"purchasable","12":"product-type-variable"},"acf":[],"_links":{"self":[{"href":"https:\/\/adelfuzik.com\/en\/wp-json\/wp\/v2\/product\/1863","targetHints":{"allow":["GET"]}}],"collection":[{"href":"https:\/\/adelfuzik.com\/en\/wp-json\/wp\/v2\/product"}],"about":[{"href":"https:\/\/adelfuzik.com\/en\/wp-json\/wp\/v2\/types\/product"}],"replies":[{"embeddable":true,"href":"https:\/\/adelfuzik.com\/en\/wp-json\/wp\/v2\/comments?post=1863"}],"wp:featuredmedia":[{"embeddable":true,"href":"https:\/\/adelfuzik.com\/en\/wp-json\/wp\/v2\/media\/1884"}],"wp:attachment":[{"href":"https:\/\/adelfuzik.com\/en\/wp-json\/wp\/v2\/media?parent=1863"}],"wp:term":[{"taxonomy":"product_brand","embeddable":true,"href":"https:\/\/adelfuzik.com\/en\/wp-json\/wp\/v2\/product_brand?post=1863"},{"taxonomy":"product_cat","embeddable":true,"href":"https:\/\/adelfuzik.com\/en\/wp-json\/wp\/v2\/product_cat?post=1863"},{"taxonomy":"product_tag","embeddable":true,"href":"https:\/\/adelfuzik.com\/en\/wp-json\/wp\/v2\/product_tag?post=1863"}],"curies":[{"name":"wp","href":"https:\/\/api.w.org\/{rel}","templated":true}]}}