{"id":1986,"date":"2024-10-28T09:43:42","date_gmt":"2024-10-28T08:43:42","guid":{"rendered":"https:\/\/adelfuzik.com\/?post_type=product&#038;p=1986"},"modified":"2025-02-04T22:06:28","modified_gmt":"2025-02-04T21:06:28","slug":"celestial-renaissance-collection","status":"publish","type":"product","link":"https:\/\/adelfuzik.com\/en\/product\/celestial-renaissance-collection\/","title":{"rendered":"Celestial &#8211; Renaissance collection"},"content":{"rendered":"<p><span style=\"font-weight: 400;\">The price may vary depending on the base model and size of the shoe. The listed price applies to a Nike Air Force 1 base.<\/span><span style=\"font-weight: 400;\"><br \/>\n<\/span><\/p>\n<p><b>Base:<\/b><span style=\"font-weight: 400;\"> Nike Air Force 1<br \/>\n<\/span><b>Unique:<\/b><span style=\"font-weight: 400;\"> Minden p\u00e1ron l\u00e9v\u0151 angyal m\u00e1s, \u00edgy nincsen k\u00e9t egyforma sneaker.<br \/>\n<\/span><b>Sample design before each order<\/b><span style=\"font-weight: 400;\">: A completely unique, pre-approved design.<br \/>\n<\/span><b>Aranyozott r\u00e9szletek<\/b><span style=\"font-weight: 400;\">: Luxust \u00e9s eleganci\u00e1t sug\u00e1roz, kontrasztban a k\u00e9kes h\u00e1tt\u00e9rrel.<br \/>\n<\/span><b>Limited edition:<\/b><span style=\"font-weight: 400;\"> A Celestial sneakerek korl\u00e1tozott darabsz\u00e1mban kaphat\u00f3ak.<\/span><span style=\"font-weight: 400;\"><br \/>\n<\/span><span style=\"font-weight: 400;\"><br \/>\n<\/span><span style=\"font-weight: 400;\">A <\/span><b>Celestial<\/b><span style=\"font-weight: 400;\"> kollekci\u00f3 a renesz\u00e1nsz angyali mot\u00edvumait \u00f6tv\u00f6zi modern streetwear st\u00edlussal. Minden egyes sneaker egyedileg, k\u00e9zzel k\u00e9sz\u00fcl, k\u00e9kes felh\u0151s h\u00e1tter\u00e9vel \u00e9s f\u00e9ny\u0171z\u0151 aranyozott elemekkel, amelyek a klasszikus renesz\u00e1nsz festm\u00e9nyek hangulat\u00e1t id\u00e9zik meg.<br \/>\n<\/span><span style=\"font-weight: 400;\"><br \/>\n<\/span><span style=\"font-weight: 400;\">A diz\u00e1jn k\u00fcl\u00f6nlegess\u00e9ge, hogy minden p\u00e1r m\u00e1s \u00e9s m\u00e1s angyali \u00e1br\u00e1zol\u00e1st kap, \u00edgy garant\u00e1ltan egyedi m\u0171alkot\u00e1s lesz a l\u00e1badon. <\/span><b>A megrendel\u00e9s el\u0151tt egyedi mintatervet k\u00e9sz\u00edtek sz\u00e1modra, hogy pontosan l\u00e1sd, milyen angyali form\u00e1ban jelenik majd meg a te cip\u0151d\u00f6n a design.\u00a0<\/b><\/p>\n<p><span style=\"font-weight: 400;\">A <\/span><b>Celestial<\/b><span style=\"font-weight: 400;\"> kollekci\u00f3 cip\u0151i nem csak l\u00e1bbelik \u2013 val\u00f3di m\u0171alkot\u00e1sok, amelyek a m\u0171v\u00e9szet \u00e9s divat hat\u00e1r\u00e1n mozognak.<\/span><\/p>","protected":false},"excerpt":{"rendered":"<p>Az \u00e1r elt\u00e9rhet a cip\u0151 alap modellj\u00e9t\u0151l \u00e9s m\u00e9ret\u00e9t\u0151l. A ki\u00edrt \u00e1r Nike Air Force 1 alapra vonatkozik. Modell: Nike Air Force 1 Egyedi tervez\u00e9s: Minden p\u00e1ron l\u00e9v\u0151 angyal m\u00e1s, \u00edgy nincsen k\u00e9t egyforma sneaker. Mintaterv minden megrendel\u00e9s el\u0151tt: Teljesen egyedi, el\u0151re j\u00f3v\u00e1hagyott diz\u00e1jn. Aranyozott r\u00e9szletek: Luxust \u00e9s eleganci\u00e1t sug\u00e1roz, kontrasztban a k\u00e9kes h\u00e1tt\u00e9rrel. Limit\u00e1lt [&hellip;]<\/p>","protected":false},"featured_media":2007,"comment_status":"closed","ping_status":"closed","template":"","meta":{"_acf_changed":false},"product_brand":[],"product_cat":[89],"product_tag":[],"class_list":{"0":"post-1986","1":"product","2":"type-product","3":"status-publish","4":"has-post-thumbnail","6":"product_cat-shoes","8":"first","9":"instock","10":"shipping-taxable","11":"purchasable","12":"product-type-variable"},"acf":[],"_links":{"self":[{"href":"https:\/\/adelfuzik.com\/en\/wp-json\/wp\/v2\/product\/1986","targetHints":{"allow":["GET"]}}],"collection":[{"href":"https:\/\/adelfuzik.com\/en\/wp-json\/wp\/v2\/product"}],"about":[{"href":"https:\/\/adelfuzik.com\/en\/wp-json\/wp\/v2\/types\/product"}],"replies":[{"embeddable":true,"href":"https:\/\/adelfuzik.com\/en\/wp-json\/wp\/v2\/comments?post=1986"}],"wp:featuredmedia":[{"embeddable":true,"href":"https:\/\/adelfuzik.com\/en\/wp-json\/wp\/v2\/media\/2007"}],"wp:attachment":[{"href":"https:\/\/adelfuzik.com\/en\/wp-json\/wp\/v2\/media?parent=1986"}],"wp:term":[{"taxonomy":"product_brand","embeddable":true,"href":"https:\/\/adelfuzik.com\/en\/wp-json\/wp\/v2\/product_brand?post=1986"},{"taxonomy":"product_cat","embeddable":true,"href":"https:\/\/adelfuzik.com\/en\/wp-json\/wp\/v2\/product_cat?post=1986"},{"taxonomy":"product_tag","embeddable":true,"href":"https:\/\/adelfuzik.com\/en\/wp-json\/wp\/v2\/product_tag?post=1986"}],"curies":[{"name":"wp","href":"https:\/\/api.w.org\/{rel}","templated":true}]}}