{"id":2016,"date":"2024-10-28T14:37:42","date_gmt":"2024-10-28T13:37:42","guid":{"rendered":"https:\/\/adelfuzik.com\/?post_type=product&#038;p=2016"},"modified":"2026-03-30T19:15:40","modified_gmt":"2026-03-30T17:15:40","slug":"nulla","status":"publish","type":"product","link":"https:\/\/adelfuzik.com\/en\/product\/nulla\/","title":{"rendered":"NULLA"},"content":{"rendered":"<p><b>Base: <\/b><span style=\"font-weight: 400;\">Nike Air Force 1<\/span><\/p>\n<p><b>Unique:<\/b><span style=\"font-weight: 400;\"> Beton Hofi m\u0171v\u00e9szeti st\u00edlus\u00e1nak hat\u00e1sa a cip\u0151 minden r\u00e9szlet\u00e9n<\/span><\/p>\n<p><b>Gumi talp:<\/b><span style=\"font-weight: 400;\"> Vibr\u00e1l\u00f3 k\u00e9k megjelen\u00e9s \u00e9s extra v\u00e9delem<\/span><\/p>\n<p><b>Limited edition:<\/b><span style=\"font-weight: 400;\"> Exkluz\u00edv darab, amely t\u00f6k\u00e9letes a gy\u0171jt\u0151k sz\u00e1m\u00e1ra.<\/span><\/p>\n<p><strong>M\u00e9ret:<\/strong> Szabadon v\u00e1laszhatod ki mekkora m\u00e9retben szeretn\u00e9d, hogy elk\u00e9sz\u00fclj\u00f6n nyerem\u00e9nyed!<\/p>\n<p><span style=\"font-weight: 400;\">Ez az egyedi sneaker Beton Hofi magyar rapper m\u0171v\u00e9szet\u00e9b\u0151l \u00e9s st\u00edlus\u00e1b\u00f3l mer\u00edt ihletet, amely a v\u00e1rosi kult\u00fara, a nyers \u0151szintes\u00e9g \u00e9s a modern k\u00f6lt\u00e9szet elemeit \u00f6tv\u00f6zi. A &#8222;NULLA&#8221; n\u00e9v \u00e9s grafikai elemek Beton Hofi dalainak hangulat\u00e1t \u00e9s \u00fczenet\u00e9t id\u00e9zik, egyedi \u00e9s vag\u00e1ny diz\u00e1jnnal.<\/span><\/p>\n<p><span style=\"font-weight: 400;\">A sneaker egy k\u00fcl\u00f6nleges technik\u00e1val k\u00e9sz\u00fclt: a talpa \u00e9l\u00e9nk k\u00e9k, foly\u00e9kony gumi bevonatot kapott, amely nemcsak felt\u0171n\u0151 \u00e9s mer\u00e9sz k\u00fcls\u0151t ad, de emellett tart\u00f3s v\u00e9delmet is ny\u00fajt. A cip\u0151 fels\u0151 r\u00e9sz\u00e9n apr\u00f3l\u00e9kosan kidolgozott grafikai r\u00e9szletek tal\u00e1lhat\u00f3k, amelyek Beton Hofi sz\u00f6vegeit \u00e9s ikonikus mot\u00edvumait jelen\u00edtik meg egy beton sz\u00edn\u0171 repedezett utc\u00e1ra hajaz\u00f3 alapon. A modellt egy mostans\u00e1g n\u00e9pszer\u0171v\u00e9 v\u00e1lt rope lace eg\u00e9sz\u00edti ki.<\/span><\/p>","protected":false},"excerpt":{"rendered":"<p>Modell: Nike Air Force 1 Egyedi tervez\u00e9s: Beton Hofi m\u0171v\u00e9szeti st\u00edlus\u00e1nak hat\u00e1sa a cip\u0151 minden r\u00e9szlet\u00e9n Gumi talp: Vibr\u00e1l\u00f3 k\u00e9k megjelen\u00e9s \u00e9s extra v\u00e9delem Limit\u00e1lt kiad\u00e1s: Exkluz\u00edv darab, amely t\u00f6k\u00e9letes a gy\u0171jt\u0151k sz\u00e1m\u00e1ra. M\u00e9ret: Szabadon v\u00e1laszhatod ki mekkora m\u00e9retben szeretn\u00e9d, hogy elk\u00e9sz\u00fclj\u00f6n nyerem\u00e9nyed! Ez az egyedi sneaker Beton Hofi magyar rapper m\u0171v\u00e9szet\u00e9b\u0151l \u00e9s st\u00edlus\u00e1b\u00f3l mer\u00edt [&hellip;]<\/p>","protected":false},"featured_media":2256,"comment_status":"closed","ping_status":"closed","template":"","meta":{"_acf_changed":false},"product_brand":[],"product_cat":[89],"product_tag":[],"class_list":{"0":"post-2016","1":"product","2":"type-product","3":"status-publish","4":"has-post-thumbnail","6":"product_cat-shoes","8":"first","9":"outofstock","10":"sold-individually","11":"shipping-taxable","12":"purchasable","13":"product-type-auction"},"acf":[],"_links":{"self":[{"href":"https:\/\/adelfuzik.com\/en\/wp-json\/wp\/v2\/product\/2016","targetHints":{"allow":["GET"]}}],"collection":[{"href":"https:\/\/adelfuzik.com\/en\/wp-json\/wp\/v2\/product"}],"about":[{"href":"https:\/\/adelfuzik.com\/en\/wp-json\/wp\/v2\/types\/product"}],"replies":[{"embeddable":true,"href":"https:\/\/adelfuzik.com\/en\/wp-json\/wp\/v2\/comments?post=2016"}],"wp:featuredmedia":[{"embeddable":true,"href":"https:\/\/adelfuzik.com\/en\/wp-json\/wp\/v2\/media\/2256"}],"wp:attachment":[{"href":"https:\/\/adelfuzik.com\/en\/wp-json\/wp\/v2\/media?parent=2016"}],"wp:term":[{"taxonomy":"product_brand","embeddable":true,"href":"https:\/\/adelfuzik.com\/en\/wp-json\/wp\/v2\/product_brand?post=2016"},{"taxonomy":"product_cat","embeddable":true,"href":"https:\/\/adelfuzik.com\/en\/wp-json\/wp\/v2\/product_cat?post=2016"},{"taxonomy":"product_tag","embeddable":true,"href":"https:\/\/adelfuzik.com\/en\/wp-json\/wp\/v2\/product_tag?post=2016"}],"curies":[{"name":"wp","href":"https:\/\/api.w.org\/{rel}","templated":true}]}}