{"id":2039,"date":"2024-10-29T10:02:23","date_gmt":"2024-10-29T09:02:23","guid":{"rendered":"https:\/\/adelfuzik.com\/?post_type=product&#038;p=2039"},"modified":"2025-03-10T14:52:42","modified_gmt":"2025-03-10T13:52:42","slug":"bold-movers-sneaker","status":"publish","type":"product","link":"https:\/\/adelfuzik.com\/en\/product\/bold-movers-sneaker\/","title":{"rendered":"Bold Movers Sneaker"},"content":{"rendered":"<p><b>Base:<\/b><span style=\"font-weight: 400;\"> Nike Air Force 1<\/span><\/p>\n<p><b>Laces:<\/b><span style=\"font-weight: 400;\"> Vibrant red rope laces<\/span><\/p>\n<p><b>Text\u00far\u00e1k \u00e9s technik\u00e1k kombin\u00e1ci\u00f3ja:<\/b><span style=\"font-weight: 400;\"> Egyedi, m\u0171v\u00e9szi diz\u00e1jn \u00e9s kifinomult kivitelez\u00e9s.<\/span><\/p>\n<p><b>Custom r\u00e9szletek:<\/b><span style=\"font-weight: 400;\"> Teljesen r\u00e1d szabva &#8211; a licit nyertese elk\u00fcldheti milyen kis figur\u00e1kat szeretne a sneaker diz\u00e1jnj\u00e1ban elrejteni. (Ezek lehetnek sz\u00e1mok, monogramok, figur\u00e1k stb\u2026)<\/span><\/p>\n<p><strong>M\u00e9ret:<\/strong> Szabadon v\u00e1laszhatod ki mekkora m\u00e9retben szeretn\u00e9d, hogy elk\u00e9sz\u00fclj\u00f6n nyerem\u00e9nyed!<\/p>\n<p><span style=\"font-weight: 400;\">Ez az exkluz\u00edv sneaker a BOLD MOVERS mer\u00e9sz \u00e9s egyedi st\u00edlus\u00e1t t\u00fckr\u00f6zi. A m\u00e1rk\u00e1ra jellemz\u0151 \u00e9l\u00e9nk piros, rope lace f\u0171z\u0151 dinamikus kontrasztot alkot, amely azonnal mag\u00e1ra vonja a figyelmet, mik\u00f6zben a nagy &#8222;BOLD&#8221; felirat az oldal\u00e1n a mer\u00e9sz \u00f6nkifejez\u00e9s \u00fczenet\u00e9t hordozza. A swoosh is m\u00e1s helyre ker\u00fclt az alap hely\u00e9hez k\u00e9pest, er\u0151s\u00edtve ezzel a designt.\u00a0<\/span><\/p>\n<p><span style=\"font-weight: 400;\">A cip\u0151 fel\u00fclet\u00e9n k\u00fcl\u00f6nf\u00e9le technik\u00e1k \u00e9s text\u00far\u00e1k kombin\u00e1ci\u00f3ja jelenik meg, apr\u00f3 elemekkel kieg\u00e9sz\u00edtve, \u00edgy minden r\u00e9szlete k\u00fcl\u00f6nleges vizu\u00e1lis \u00e9lm\u00e9nyt ny\u00fajt. <\/span><b>A cip\u0151n megjelen\u0151 kis elemeket a licit nyertese mag\u00e1ra szabhatja, ez\u00e1ltal m\u00e9g egyedibb \u00e9s \u00f6nazonosabb lehet a sneaker.<\/b><\/p>\n<p><span style=\"font-weight: 400;\">Ez a k\u00fcl\u00f6nleges darab nemcsak egy sneaker, hanem egy mozgalom, amely minden outfitet \u00e9s visel\u0151j\u00e9t egyediv\u00e9 tesz.<\/span><\/p>\n<p>&nbsp;<\/p>","protected":false},"excerpt":{"rendered":"<p>Alap: Nike Air Force 1 F\u0171z\u0151: \u00c9l\u00e9nk piros k\u00f6teles f\u0171z\u0151 Text\u00far\u00e1k \u00e9s technik\u00e1k kombin\u00e1ci\u00f3ja: Egyedi, m\u0171v\u00e9szi diz\u00e1jn \u00e9s kifinomult kivitelez\u00e9s. Custom r\u00e9szletek: Teljesen r\u00e1d szabva &#8211; a licit nyertese elk\u00fcldheti milyen kis figur\u00e1kat szeretne a sneaker diz\u00e1jnj\u00e1ban elrejteni. (Ezek lehetnek sz\u00e1mok, monogramok, figur\u00e1k stb\u2026) M\u00e9ret: Szabadon v\u00e1laszhatod ki mekkora m\u00e9retben szeretn\u00e9d, hogy elk\u00e9sz\u00fclj\u00f6n nyerem\u00e9nyed! Ez [&hellip;]<\/p>","protected":false},"featured_media":2212,"comment_status":"closed","ping_status":"closed","template":"","meta":{"_acf_changed":false},"product_brand":[],"product_cat":[89],"product_tag":[],"class_list":{"0":"post-2039","1":"product","2":"type-product","3":"status-publish","4":"has-post-thumbnail","6":"product_cat-shoes","8":"first","9":"instock","10":"shipping-taxable","11":"purchasable","12":"product-type-auction"},"acf":[],"_links":{"self":[{"href":"https:\/\/adelfuzik.com\/en\/wp-json\/wp\/v2\/product\/2039","targetHints":{"allow":["GET"]}}],"collection":[{"href":"https:\/\/adelfuzik.com\/en\/wp-json\/wp\/v2\/product"}],"about":[{"href":"https:\/\/adelfuzik.com\/en\/wp-json\/wp\/v2\/types\/product"}],"replies":[{"embeddable":true,"href":"https:\/\/adelfuzik.com\/en\/wp-json\/wp\/v2\/comments?post=2039"}],"wp:featuredmedia":[{"embeddable":true,"href":"https:\/\/adelfuzik.com\/en\/wp-json\/wp\/v2\/media\/2212"}],"wp:attachment":[{"href":"https:\/\/adelfuzik.com\/en\/wp-json\/wp\/v2\/media?parent=2039"}],"wp:term":[{"taxonomy":"product_brand","embeddable":true,"href":"https:\/\/adelfuzik.com\/en\/wp-json\/wp\/v2\/product_brand?post=2039"},{"taxonomy":"product_cat","embeddable":true,"href":"https:\/\/adelfuzik.com\/en\/wp-json\/wp\/v2\/product_cat?post=2039"},{"taxonomy":"product_tag","embeddable":true,"href":"https:\/\/adelfuzik.com\/en\/wp-json\/wp\/v2\/product_tag?post=2039"}],"curies":[{"name":"wp","href":"https:\/\/api.w.org\/{rel}","templated":true}]}}