{"id":2321,"date":"2024-12-15T15:22:46","date_gmt":"2024-12-15T14:22:46","guid":{"rendered":"https:\/\/adelfuzik.com\/?post_type=product&#038;p=2321"},"modified":"2025-12-18T14:39:12","modified_gmt":"2025-12-18T13:39:12","slug":"ajandekutalvany","status":"publish","type":"product","link":"https:\/\/adelfuzik.com\/en\/product\/ajandekutalvany\/","title":{"rendered":"Giftcard"},"content":{"rendered":"<div class=\"x11i5rnm xat24cr x1mh8g0r x1vvkbs xtlvy1s x126k92a\"><\/div>\n<div class=\"x11i5rnm xat24cr x1mh8g0r x1vvkbs xtlvy1s x126k92a\">\n<div dir=\"auto\">Surprise Your Loved One with a Gift Voucher and Let Them Design or Choose Their Own Unique, Handcrafted Custom Sneakers, Bags, or Accessories!<\/div>\n<div dir=\"auto\"><\/div>\n<div dir=\"auto\"><strong style=\"text-decoration: underline;\">Why is a Gift Voucher the perfect choice?<\/strong><\/div>\n<\/div>\n<div dir=\"auto\"><\/div>\n<div dir=\"auto\">- It's a guaranteed personal and special gift.<\/div>\n<div class=\"x11i5rnm xat24cr x1mh8g0r x1vvkbs xtlvy1s x126k92a\">\n<div dir=\"auto\">- Unique, custom-designed products that are not only stylish but also lifelong memories.<\/div>\n<div dir=\"auto\">&#8211; Egyedi designnal k\u00e9sz\u00fclt term\u00e9kek, amelyek nemcsak st\u00edlusosak, hanem \u00f6r\u00f6k eml\u00e9kek is.<\/div>\n<div dir=\"auto\">&#8211; A k\u00f6z\u00f6s tervez\u00e9si folyamattal egy \u00e9lm\u00e9nyt is adsz, nem csak term\u00e9ket.<\/div>\n<div dir=\"auto\"><\/div>\n<div dir=\"auto\"><strong style=\"text-decoration: underline;\">Milyen utalv\u00e1nyok k\u00f6z\u00fcl tudsz v\u00e1lasztani?<\/strong><\/div>\n<div dir=\"auto\"><\/div>\n<div dir=\"auto\"><strong>Minimal Vibe 35 900 Ft<\/strong><\/div>\n<div dir=\"auto\">Clean, focused design with elegant simplicity.<br \/>\nSmall area painting, minimalist, lettering, small logos, few colours or black and white patterns.<\/div>\n<\/div>\n<div dir=\"auto\"><\/div>\n<div dir=\"auto\"><strong>Power Move 59 900 Ft<\/strong><\/div>\n<div class=\"x11i5rnm xat24cr x1mh8g0r x1vvkbs xtlvy1s x126k92a\">\n<div dir=\"auto\">Eye-catching but elegant, with personalised details.<br \/>\nMedium area painting, patterns typically extend to the outer sides of the shoes. May include colorful minimalist portraits with backgrounds or full patterns and textures.<\/div>\n<div dir=\"auto\"><\/div>\n<div dir=\"auto\"><strong>Creative Canvas 99 900 Ft<\/strong><\/div>\n<\/div>\n<div class=\"x11i5rnm xat24cr x1mh8g0r x1vvkbs xtlvy1s x126k92a\">\n<div dir=\"auto\">Teljes vizu\u00e1lis t\u00f6rt\u00e9netmes\u00e9l\u00e9s, amely m\u0171alkot\u00e1ss\u00e1 alak\u00edtja a term\u00e9keket.<br \/>\nSzinte a teljes term\u00e9ket lefedi (k\u00fcls\u0151 \u00e9s bels\u0151 oldalakon is. ) K\u00e9rhet\u0151 sz\u00ednes portr\u00e9val, valamint extra kieg\u00e9sz\u00edt\u0151kkel.<\/div>\n<div dir=\"auto\"><\/div>\n<div dir=\"auto\"><strong>Legendary Edition 159 900 Ft<\/strong><\/div>\n<\/div>\n<div class=\"x11i5rnm xat24cr x1mh8g0r x1vvkbs xtlvy1s x126k92a\">\n<div dir=\"auto\">Korl\u00e1tlan kreativit\u00e1s \u00e9s design tervez\u00e9s \u00e9s fest\u00e9s.<br \/>\nTeljes term\u00e9k fest\u00e9se, extra design \u00e9s extr\u00e9m sz\u00ednhaszn\u00e1lat. Tartalmazza az \u00f6sszes Creative Canvas szolg\u00e1ltat\u00e1st, valamint aj\u00e1nd\u00e9kcsomagol\u00e1st.<\/div>\n<\/div>","protected":false},"excerpt":{"rendered":"<p>Surprise Your Loved One with a Gift Voucher and Let Them Design or Choose Their Own Unique, Handcrafted Custom Sneakers, Bags, or Accessories!<\/p>","protected":false},"featured_media":2326,"comment_status":"closed","ping_status":"closed","template":"","meta":{"_acf_changed":false},"product_brand":[],"product_cat":[18],"product_tag":[],"class_list":{"0":"post-2321","1":"product","2":"type-product","3":"status-publish","4":"has-post-thumbnail","6":"product_cat-egyeb","8":"first","9":"instock","10":"shipping-taxable","11":"purchasable","12":"product-type-variable"},"acf":[],"_links":{"self":[{"href":"https:\/\/adelfuzik.com\/en\/wp-json\/wp\/v2\/product\/2321","targetHints":{"allow":["GET"]}}],"collection":[{"href":"https:\/\/adelfuzik.com\/en\/wp-json\/wp\/v2\/product"}],"about":[{"href":"https:\/\/adelfuzik.com\/en\/wp-json\/wp\/v2\/types\/product"}],"replies":[{"embeddable":true,"href":"https:\/\/adelfuzik.com\/en\/wp-json\/wp\/v2\/comments?post=2321"}],"wp:featuredmedia":[{"embeddable":true,"href":"https:\/\/adelfuzik.com\/en\/wp-json\/wp\/v2\/media\/2326"}],"wp:attachment":[{"href":"https:\/\/adelfuzik.com\/en\/wp-json\/wp\/v2\/media?parent=2321"}],"wp:term":[{"taxonomy":"product_brand","embeddable":true,"href":"https:\/\/adelfuzik.com\/en\/wp-json\/wp\/v2\/product_brand?post=2321"},{"taxonomy":"product_cat","embeddable":true,"href":"https:\/\/adelfuzik.com\/en\/wp-json\/wp\/v2\/product_cat?post=2321"},{"taxonomy":"product_tag","embeddable":true,"href":"https:\/\/adelfuzik.com\/en\/wp-json\/wp\/v2\/product_tag?post=2321"}],"curies":[{"name":"wp","href":"https:\/\/api.w.org\/{rel}","templated":true}]}}