{"id":2454,"date":"2025-02-19T17:59:32","date_gmt":"2025-02-19T16:59:32","guid":{"rendered":"https:\/\/adelfuzik.com\/?post_type=product&#038;p=2454"},"modified":"2025-03-09T21:40:43","modified_gmt":"2025-03-09T20:40:43","slug":"wedding-sparkle-custom-sneaker","status":"publish","type":"product","link":"https:\/\/adelfuzik.com\/en\/product\/wedding-sparkle-custom-sneaker\/","title":{"rendered":"Wedding Sparkle Custom Sneaker"},"content":{"rendered":"<p><span style=\"font-weight: 400;\">The price may vary depending on the base model and size of the shoe. The listed price applies to a Nike Air Force 1 base.<\/span><\/p>\n<p><b>Custom: <\/b><span style=\"font-weight: 400;\">Fully customizable. Choose size, colour, rhinestones or pearls, laces and even a different model.<\/span><\/p>\n<p><b>Custom Base<\/b><span style=\"font-weight: 400;\">: classic white or coffee-dyed beige.<\/span><span style=\"font-weight: 400;\">.<\/span><span style=\"font-weight: 400;\"><br \/>\n<\/span><span style=\"font-weight: 400;\"><br \/>\n<\/span><span style=\"font-weight: 400;\">The Wedding Collection brings the magic of your big day to life in the form of a unique, handcrafted sneaker. Whether you prefer a classic, clean white base or an exclusive coffee-dipped beige tone, this shoe is fully customizable to match your wedding style perfectly.<\/span><\/p>\n<p><span style=\"font-weight: 400;\">Every detail can be tailored to your preference\u2014choose shimmering rhinestones, elegant pearls, or a combination of both. For an extra touch, select satin or tulle laces to complement your wedding attire.\u00a0<\/span><\/p>\n<p><span style=\"font-weight: 400;\">This unique sneaker is both stylish and comfortable, designed to preserve the beautiful memories of your big day forever.<\/span><\/p>","protected":false},"excerpt":{"rendered":"<p>Az \u00e1r elt\u00e9rhet a cip\u0151 alap modellj\u00e9t\u0151l \u00e9s m\u00e9ret\u00e9t\u0151l. A ki\u00edrt \u00e1r Nike Air Force 1 alapra vonatkozik. Custom: Teljesen szem\u00e9lyre szabhat\u00f3. V\u00e1lassz m\u00e9retet, sz\u00ednt, d\u00edsz\u00edt\u00e9st, f\u0171z\u0151t \u00e9s ak\u00e1r m\u00e1sik modellt. V\u00e1laszthat\u00f3 alap: Klasszikus feh\u00e9r vagy k\u00e1v\u00e9ba \u00e1ztatott b\u00e9zs \u00e1rnyalat.. A Wedding kollekci\u00f3 a nagy nap k\u00fcl\u00f6nleges hangulat\u00e1t hozza el egyedi, k\u00e9zzel k\u00e9sz\u00edtett sneaker form\u00e1j\u00e1ban. [&hellip;]<\/p>","protected":false},"featured_media":2455,"comment_status":"closed","ping_status":"closed","template":"","meta":{"_acf_changed":false},"product_brand":[],"product_cat":[89],"product_tag":[],"class_list":{"0":"post-2454","1":"product","2":"type-product","3":"status-publish","4":"has-post-thumbnail","6":"product_cat-shoes","8":"first","9":"instock","10":"shipping-taxable","11":"purchasable","12":"product-type-simple"},"acf":[],"_links":{"self":[{"href":"https:\/\/adelfuzik.com\/en\/wp-json\/wp\/v2\/product\/2454","targetHints":{"allow":["GET"]}}],"collection":[{"href":"https:\/\/adelfuzik.com\/en\/wp-json\/wp\/v2\/product"}],"about":[{"href":"https:\/\/adelfuzik.com\/en\/wp-json\/wp\/v2\/types\/product"}],"replies":[{"embeddable":true,"href":"https:\/\/adelfuzik.com\/en\/wp-json\/wp\/v2\/comments?post=2454"}],"wp:featuredmedia":[{"embeddable":true,"href":"https:\/\/adelfuzik.com\/en\/wp-json\/wp\/v2\/media\/2455"}],"wp:attachment":[{"href":"https:\/\/adelfuzik.com\/en\/wp-json\/wp\/v2\/media?parent=2454"}],"wp:term":[{"taxonomy":"product_brand","embeddable":true,"href":"https:\/\/adelfuzik.com\/en\/wp-json\/wp\/v2\/product_brand?post=2454"},{"taxonomy":"product_cat","embeddable":true,"href":"https:\/\/adelfuzik.com\/en\/wp-json\/wp\/v2\/product_cat?post=2454"},{"taxonomy":"product_tag","embeddable":true,"href":"https:\/\/adelfuzik.com\/en\/wp-json\/wp\/v2\/product_tag?post=2454"}],"curies":[{"name":"wp","href":"https:\/\/api.w.org\/{rel}","templated":true}]}}