{"id":2723,"date":"2026-04-08T21:18:04","date_gmt":"2026-04-08T19:18:04","guid":{"rendered":"https:\/\/adelfuzik.com\/?post_type=product&#038;p=2723"},"modified":"2026-04-09T19:51:03","modified_gmt":"2026-04-09T17:51:03","slug":"pac-premium-art-print","status":"publish","type":"product","link":"https:\/\/adelfuzik.com\/en\/product\/pac-premium-art-print\/","title":{"rendered":"Pac &#8211; Premium Art Print"},"content":{"rendered":"<p data-start=\"107\" data-end=\"324\">Digit\u00e1lis illusztr\u00e1ci\u00f3 2Pac inspir\u00e1ci\u00f3j\u00e1val, a hip-hop kult\u00fara tisztelet\u00e9re.<br \/>\nA term\u00e9k az eredeti digit\u00e1lis artwork pr\u00e9mium min\u0151s\u00e9g\u0171 v\u00e1szon printje.<\/p>\n<p data-start=\"401\" data-end=\"558\"><strong data-start=\"401\" data-end=\"415\">R\u00e9szletek<\/strong><br \/>\n\u2013 Digit\u00e1lis illusztr\u00e1ci\u00f3 alapj\u00e1n k\u00e9sz\u00fclt print<br data-start=\"462\" data-end=\"465\" \/>\u2013 Pr\u00e9mium 100% \u00a0v\u00e1szon<br \/>\n\u2013 Borovi feny\u0151keret<br data-start=\"502\" data-end=\"505\" \/>\u2013 Magas felbont\u00e1s\u00fa art print nyomtat\u00e1s<br \/>\n\u2013 V\u00e1laszthat\u00f3 m\u00e9retben<\/p>","protected":false},"excerpt":{"rendered":"<p>2Pac \u00e1ltal inspir\u00e1lt Art Print.<\/p>","protected":false},"featured_media":2728,"comment_status":"closed","ping_status":"closed","template":"","meta":{"_acf_changed":false},"product_brand":[],"product_cat":[89],"product_tag":[],"class_list":{"0":"post-2723","1":"product","2":"type-product","3":"status-publish","4":"has-post-thumbnail","6":"product_cat-shoes","8":"first","9":"instock","10":"shipping-taxable","11":"purchasable","12":"product-type-variable"},"acf":[],"_links":{"self":[{"href":"https:\/\/adelfuzik.com\/en\/wp-json\/wp\/v2\/product\/2723","targetHints":{"allow":["GET"]}}],"collection":[{"href":"https:\/\/adelfuzik.com\/en\/wp-json\/wp\/v2\/product"}],"about":[{"href":"https:\/\/adelfuzik.com\/en\/wp-json\/wp\/v2\/types\/product"}],"replies":[{"embeddable":true,"href":"https:\/\/adelfuzik.com\/en\/wp-json\/wp\/v2\/comments?post=2723"}],"wp:featuredmedia":[{"embeddable":true,"href":"https:\/\/adelfuzik.com\/en\/wp-json\/wp\/v2\/media\/2728"}],"wp:attachment":[{"href":"https:\/\/adelfuzik.com\/en\/wp-json\/wp\/v2\/media?parent=2723"}],"wp:term":[{"taxonomy":"product_brand","embeddable":true,"href":"https:\/\/adelfuzik.com\/en\/wp-json\/wp\/v2\/product_brand?post=2723"},{"taxonomy":"product_cat","embeddable":true,"href":"https:\/\/adelfuzik.com\/en\/wp-json\/wp\/v2\/product_cat?post=2723"},{"taxonomy":"product_tag","embeddable":true,"href":"https:\/\/adelfuzik.com\/en\/wp-json\/wp\/v2\/product_tag?post=2723"}],"curies":[{"name":"wp","href":"https:\/\/api.w.org\/{rel}","templated":true}]}}